{"id":1607,"date":"2021-07-02T12:28:25","date_gmt":"2021-07-02T10:28:25","guid":{"rendered":"https:\/\/fts.gmbh\/?page_id=1607"},"modified":"2025-06-30T21:00:02","modified_gmt":"2025-06-30T19:00:02","slug":"imprint","status":"publish","type":"page","link":"https:\/\/fts.gmbh\/en\/imprint\/","title":{"rendered":"Imprint"},"content":{"rendered":"<div class=\"bt_rc_container\"><section id=\"bt_section69e3420f2846e\"  class=\"boldSection topSpaced bottomSpaced inherit wBackground cover\" style=\"background-image:url('https:\/\/fts.gmbh\/wp-content\/uploads\/2021\/07\/full11.jpg');\"><div class=\"port\"><div class=\"boldCell\"><div class=\"boldCellInner\"><\/div><\/div><\/div><\/section><section id=\"bt_section69e3420f28492\"  class=\"boldSection topSpaced gutter inherit\" ><div class=\"port\"><div class=\"boldCell\"><div class=\"boldCellInner\"><div class=\"boldRow\" ><div class=\"rowItem col-md-12 col-ms-12  btTextLeft\"  ><div class=\"rowItemContent\"><header class=\"header btClear small  btAccentDash btRegularTitle\" ><div class=\"dash\"><h4><span class=\"headline\">Imprint<\/span><\/h4><\/div><\/header><\/div><\/div><\/div><\/div><\/div><\/div><\/section><section id=\"bt_section69e3420f285ec\"  class=\"boldSection gutter\" ><div class=\"port\"><div class=\"boldCell\"><div class=\"boldCellInner\"><div class=\"boldRow\" ><div class=\"rowItem col-md-12 col-ms-12  btTextLeft\"  ><div class=\"rowItemContent\"><div class=\"btText\"><h1 class=\"adsimple-321288680\" data-fontsize=\"32\" data-lineheight=\"44\">Imprint<\/h1>\n<p class=\"adsimple-321288680\">Informationspflicht laut \u00a7 5 TMG.<\/p>\n<p class=\"adsimple-321288680\">FTS Flexible Transport Systeme GmbH i.L.<br \/>\nLise-Meitner-Stra\u00dfe 5,<br \/>\n48691 Vreden,<br \/>\nGermany<\/p>\n<p class=\"adsimple-321288680\"><strong>UID-Nummer:<\/strong> DE342199579<br \/>\n<strong>Wirtschafts-ID:<\/strong>\u00a0DE342199579<br \/>\n<strong>Register:<\/strong>\u00a0Handelsregister<br \/>\n<strong>Registernummer:<\/strong> HRB\u00a0 19579<br \/>\n<strong>Registergericht:<\/strong> Amtsgericht Coesfeld<\/p>\n<p class=\"adsimple-321288680\"><strong>Tel.:<\/strong>\u00a0+49 (0)2564 &#8211; 950 95-41<br \/>\n<strong>Fax:<\/strong>\u00a0+49 (0)2564 &#8211; 950 95-44<br \/>\n<strong>E-Mail:<\/strong>\u00a0<a href=\"mailto:info@fts.gmbh\">info@fts.gmbh<\/a><\/p>\n<p class=\"adsimple-321288680\"><strong>\u00a0<\/strong><\/p>\n<p class=\"adsimple-321288680\"><strong>Gesch\u00e4ftsf\u00fchrer<\/strong><br \/>\nErwin Hilbert<\/p>\n<p><strong>Kontaktdaten des Verantwortlichen f\u00fcr Datenschutz<\/strong><\/p>\n<p class=\"adsimple-321288680\">Sollten Sie Fragen zum Datenschutz haben, finden Sie nachfolgend die Kontaktdaten der verantwortlichen Person bzw. Stelle:<br \/>\nFTS Flexible Transport Systeme GmbH i.L.<br \/>\nLise-Meitner-Stra\u00dfe 5, 48691 Vreden<br \/>\nE-Mail-Adresse:\u00a0<a href=\"mailto:erwin.hilbert@fts.gmbh\">erwin.hilbert@fts.gmbh<\/a><br \/>\nTelefon:\u00a0+49 (0)2564 &#8211; 950 95-41<br \/>\nImpressum:\u00a0<a href=\"https:\/\/fts.gmbh\/en\/privavy-policy\/\" target=\"_self\" rel=\"noopener\">https:\/\/fts.gmbh\/privavy-policy\/<\/a><\/p>\n<p>Quelle: Erstellt mit dem\u00a0<a href=\"https:\/\/www.adsimple.de\/impressum-generator\/\">Impressum Generator<\/a>\u00a0von AdSimple<\/p>\n<h2 id=\"eu-streitschlichtung\" class=\"adsimple-321288680\" data-fontsize=\"24\" data-lineheight=\"36\">EU-Streitschlichtung<\/h2>\n<p>Gem\u00e4\u00df Verordnung \u00fcber Online-Streitbeilegung in Verbraucherangelegenheiten (ODR-Verordnung) m\u00f6chten wir Sie \u00fcber die Online-Streitbeilegungsplattform (OS-Plattform) informieren.<br \/>\nVerbraucher haben die M\u00f6glichkeit, Beschwerden an die Online Streitbeilegungsplattform der Europ\u00e4ischen Kommission unter\u00a0<a class=\"adsimple-321288680\" href=\"https:\/\/ec.europa.eu\/consumers\/odr\/main\/index.cfm?event=main.home2.show&amp;lng=DE\" target=\"_blank\" rel=\"noopener\">http:\/\/ec.europa.eu\/odr?tid=321288680<\/a>\u00a0zu richten. Die daf\u00fcr notwendigen Kontaktdaten finden Sie oberhalb in unserem Impressum.<\/p>\n<p>Wir m\u00f6chten Sie jedoch darauf hinweisen, dass wir nicht bereit oder verpflichtet sind, an Streitbeilegungsverfahren vor einer Verbraucherschlichtungsstelle teilzunehmen.<\/p>\n<h2 id=\"haftungs-inhalte-website\" class=\"adsimple-321288680\" data-fontsize=\"24\" data-lineheight=\"36\">Haftung f\u00fcr Inhalte dieser Website<\/h2>\n<p>Wir entwickeln die Inhalte dieser Webseite st\u00e4ndig weiter und bem\u00fchen uns korrekte und aktuelle Informationen bereitzustellen. Laut Telemediengesetz\u00a0<a class=\"adsimple-321288680\" href=\"https:\/\/www.gesetze-im-internet.de\/tmg\/__7.html?tid=321288680\" target=\"_blank\" rel=\"noopener\">(TMG) \u00a77 (1)<\/a>\u00a0sind wir als Diensteanbieter f\u00fcr eigene Informationen, die wir zur Nutzung bereitstellen, nach den allgemeinen Gesetzen verantwortlich. Leider k\u00f6nnen wir keine Haftung f\u00fcr die Korrektheit aller Inhalte auf dieser Webseite \u00fcbernehmen, speziell f\u00fcr jene die seitens Dritter bereitgestellt wurden. Als Diensteanbieter im Sinne der \u00a7\u00a7 8 bis 10 sind wir nicht verpflichtet, die von ihnen \u00fcbermittelten oder gespeicherten Informationen zu \u00fcberwachen oder nach Umst\u00e4nden zu forschen, die auf eine rechtswidrige T\u00e4tigkeit hinweisen.<\/p>\n<p>Unsere Verpflichtungen zur Entfernung von Informationen oder zur Sperrung der Nutzung von Informationen nach den allgemeinen Gesetzen aufgrund von gerichtlichen oder beh\u00f6rdlichen Anordnungen bleiben auch im Falle unserer Nichtverantwortlichkeit nach den \u00a7\u00a7 8 bis 10 unber\u00fchrt.<\/p>\n<p>Sollten Ihnen problematische oder rechtswidrige Inhalte auffallen, bitte wir Sie uns umgehend zu kontaktieren, damit wir die rechtswidrigen Inhalte entfernen k\u00f6nnen. Sie finden die Kontaktdaten im Impressum.<\/p>\n<h2 id=\"haftung-links-website\" class=\"adsimple-321288680\" data-fontsize=\"24\" data-lineheight=\"36\">Haftung f\u00fcr Links auf dieser Website<\/h2>\n<p>Unsere Webseite enth\u00e4lt Links zu anderen Webseiten f\u00fcr deren Inhalt wir nicht verantwortlich sind. Haftung f\u00fcr verlinkte Websites besteht f\u00fcr uns nicht, da wir keine Kenntnis rechtswidriger T\u00e4tigkeiten hatten und haben, uns solche Rechtswidrigkeiten auch bisher nicht aufgefallen sind und wir Links sofort entfernen w\u00fcrden, wenn uns Rechtswidrigkeiten bekannt werden.<\/p>\n<p>Wenn Ihnen rechtswidrige Links auf unserer Website auffallen, bitte wir Sie uns zu kontaktieren. Sie finden die Kontaktdaten im Impressum.<\/p>\n<h2 id=\"urheberrechtshinweis\" class=\"adsimple-321288680\" data-fontsize=\"24\" data-lineheight=\"36\">Urheberrechtshinweis<\/h2>\n<p>Alle Inhalte dieser Webseite (Bilder, Fotos, Texte, Videos) unterliegen dem Urheberrecht der Bundesrepublik Deutschland. Bitte fragen Sie uns bevor Sie die Inhalte dieser Website verbreiten, vervielf\u00e4ltigen oder verwerten wie zum Beispiel auf anderen Websites erneut ver\u00f6ffentlichen. Falls notwendig, werden wir die unerlaubte Nutzung von Teilen der Inhalte unserer Seite rechtlich verfolgen.<\/p>\n<p>Sollten Sie auf dieser Webseite Inhalte finden, die das Urheberrecht verletzen, bitten wir Sie uns zu kontaktieren.<\/p>\n<h2 id=\"bildernachweis\" class=\"adsimple-321288680\" data-fontsize=\"24\" data-lineheight=\"36\">Bildernachweis<\/h2>\n<p>Die Bilder, Fotos und Grafiken auf dieser Webseite sind urheberrechtlich gesch\u00fctzt.<\/p>\n<p>Die Bilderrechte liegen bei den folgenden Fotografen und Unternehmen:<\/p>\n<ul class=\"adsimple-321288680\">\n<li class=\"adsimple-321288680\">FTS Flexible Transport Systeme GmbH i.L.<\/li>\n<\/ul>\n<p>Alle Texte sind urheberrechtlich gesch\u00fctzt.<\/p>\n<p>Quelle: Erstellt mit dem\u00a0<a href=\"https:\/\/www.adsimple.de\/datenschutz-generator\/\">Datenschutz Generator<\/a>\u00a0von AdSimple<\/p>\n<\/div><\/div><\/div><\/div><\/div><\/div><\/div><\/section><\/div>","protected":false},"excerpt":{"rendered":"","protected":false},"author":1,"featured_media":0,"parent":0,"menu_order":0,"comment_status":"closed","ping_status":"closed","template":"","meta":{"footnotes":""},"class_list":["post-1607","page","type-page","status-publish","hentry"],"yoast_head":"<!-- This site is optimized with the Yoast SEO plugin v22.5 - https:\/\/yoast.com\/wordpress\/plugins\/seo\/ -->\n<title>Imprint - FTS<\/title>\n<meta name=\"robots\" content=\"index, follow, max-snippet:-1, max-image-preview:large, max-video-preview:-1\" \/>\n<link rel=\"canonical\" href=\"https:\/\/fts.gmbh\/en\/imprint\/\" \/>\n<meta property=\"og:locale\" content=\"en_GB\" \/>\n<meta property=\"og:type\" content=\"article\" \/>\n<meta property=\"og:title\" content=\"Imprint - FTS\" \/>\n<meta property=\"og:url\" content=\"https:\/\/fts.gmbh\/en\/imprint\/\" \/>\n<meta property=\"og:site_name\" content=\"FTS\" \/>\n<meta property=\"article:modified_time\" content=\"2025-06-30T19:00:02+00:00\" \/>\n<meta name=\"twitter:card\" content=\"summary_large_image\" \/>\n<meta name=\"twitter:label1\" content=\"Estimated reading time\" \/>\n\t<meta name=\"twitter:data1\" content=\"3 minutes\" \/>\n<script type=\"application\/ld+json\" class=\"yoast-schema-graph\">{\"@context\":\"https:\/\/schema.org\",\"@graph\":[{\"@type\":\"WebPage\",\"@id\":\"https:\/\/fts.gmbh\/imprint\/\",\"url\":\"https:\/\/fts.gmbh\/imprint\/\",\"name\":\"Imprint - FTS\",\"isPartOf\":{\"@id\":\"https:\/\/fts.gmbh\/#website\"},\"datePublished\":\"2021-07-02T10:28:25+00:00\",\"dateModified\":\"2025-06-30T19:00:02+00:00\",\"breadcrumb\":{\"@id\":\"https:\/\/fts.gmbh\/imprint\/#breadcrumb\"},\"inLanguage\":\"en-GB\",\"potentialAction\":[{\"@type\":\"ReadAction\",\"target\":[\"https:\/\/fts.gmbh\/imprint\/\"]}]},{\"@type\":\"BreadcrumbList\",\"@id\":\"https:\/\/fts.gmbh\/imprint\/#breadcrumb\",\"itemListElement\":[{\"@type\":\"ListItem\",\"position\":1,\"name\":\"Startseite\",\"item\":\"https:\/\/fts.gmbh\/\"},{\"@type\":\"ListItem\",\"position\":2,\"name\":\"Imprint\"}]},{\"@type\":\"WebSite\",\"@id\":\"https:\/\/fts.gmbh\/#website\",\"url\":\"https:\/\/fts.gmbh\/\",\"name\":\"FTS\",\"description\":\"Flexible Transport Systeme GmbH\",\"potentialAction\":[{\"@type\":\"SearchAction\",\"target\":{\"@type\":\"EntryPoint\",\"urlTemplate\":\"https:\/\/fts.gmbh\/?s={search_term_string}\"},\"query-input\":\"required name=search_term_string\"}],\"inLanguage\":\"en-GB\"}]}<\/script>\n<!-- \/ Yoast SEO plugin. -->","yoast_head_json":{"title":"Imprint - FTS","robots":{"index":"index","follow":"follow","max-snippet":"max-snippet:-1","max-image-preview":"max-image-preview:large","max-video-preview":"max-video-preview:-1"},"canonical":"https:\/\/fts.gmbh\/en\/imprint\/","og_locale":"en_GB","og_type":"article","og_title":"Imprint - FTS","og_url":"https:\/\/fts.gmbh\/en\/imprint\/","og_site_name":"FTS","article_modified_time":"2025-06-30T19:00:02+00:00","twitter_card":"summary_large_image","twitter_misc":{"Estimated reading time":"3 minutes"},"schema":{"@context":"https:\/\/schema.org","@graph":[{"@type":"WebPage","@id":"https:\/\/fts.gmbh\/imprint\/","url":"https:\/\/fts.gmbh\/imprint\/","name":"Imprint - FTS","isPartOf":{"@id":"https:\/\/fts.gmbh\/#website"},"datePublished":"2021-07-02T10:28:25+00:00","dateModified":"2025-06-30T19:00:02+00:00","breadcrumb":{"@id":"https:\/\/fts.gmbh\/imprint\/#breadcrumb"},"inLanguage":"en-GB","potentialAction":[{"@type":"ReadAction","target":["https:\/\/fts.gmbh\/imprint\/"]}]},{"@type":"BreadcrumbList","@id":"https:\/\/fts.gmbh\/imprint\/#breadcrumb","itemListElement":[{"@type":"ListItem","position":1,"name":"Startseite","item":"https:\/\/fts.gmbh\/"},{"@type":"ListItem","position":2,"name":"Imprint"}]},{"@type":"WebSite","@id":"https:\/\/fts.gmbh\/#website","url":"https:\/\/fts.gmbh\/","name":"FTS","description":"Flexible Transport Systeme GmbH","potentialAction":[{"@type":"SearchAction","target":{"@type":"EntryPoint","urlTemplate":"https:\/\/fts.gmbh\/?s={search_term_string}"},"query-input":"required name=search_term_string"}],"inLanguage":"en-GB"}]}},"_links":{"self":[{"href":"https:\/\/fts.gmbh\/en\/wp-json\/wp\/v2\/pages\/1607","targetHints":{"allow":["GET"]}}],"collection":[{"href":"https:\/\/fts.gmbh\/en\/wp-json\/wp\/v2\/pages"}],"about":[{"href":"https:\/\/fts.gmbh\/en\/wp-json\/wp\/v2\/types\/page"}],"author":[{"embeddable":true,"href":"https:\/\/fts.gmbh\/en\/wp-json\/wp\/v2\/users\/1"}],"replies":[{"embeddable":true,"href":"https:\/\/fts.gmbh\/en\/wp-json\/wp\/v2\/comments?post=1607"}],"version-history":[{"count":10,"href":"https:\/\/fts.gmbh\/en\/wp-json\/wp\/v2\/pages\/1607\/revisions"}],"predecessor-version":[{"id":2312,"href":"https:\/\/fts.gmbh\/en\/wp-json\/wp\/v2\/pages\/1607\/revisions\/2312"}],"wp:attachment":[{"href":"https:\/\/fts.gmbh\/en\/wp-json\/wp\/v2\/media?parent=1607"}],"curies":[{"name":"wp","href":"https:\/\/api.w.org\/{rel}","templated":true}]}}